{"id":17923,"date":"2019-11-06T12:44:21","date_gmt":"2019-11-06T12:44:21","guid":{"rendered":"https:\/\/hitsnoodles.com\/thai-wok-curryratter\/"},"modified":"2024-04-11T11:41:30","modified_gmt":"2024-04-11T11:41:30","slug":"thai-wok-curryratter","status":"publish","type":"page","link":"https:\/\/hitsnoodles.com\/sv\/thai-wok-curryratter\/","title":{"rendered":"Thai Wok &amp; Curryr\u00e4tter"},"content":{"rendered":"\t\t<div data-elementor-type=\"wp-page\" data-elementor-id=\"17923\" class=\"elementor elementor-17923 elementor-1774\" data-elementor-post-type=\"page\">\n\t\t\t\t\t\t<section class=\"elementor-section elementor-top-section elementor-element elementor-element-df51f9b elementor-section-boxed elementor-section-height-default elementor-section-height-default\" data-id=\"df51f9b\" data-element_type=\"section\" data-e-type=\"section\">\n\t\t\t\t\t\t<div class=\"elementor-container elementor-column-gap-default\">\n\t\t\t\t\t<div class=\"elementor-column elementor-col-100 elementor-top-column elementor-element elementor-element-65c01b7\" data-id=\"65c01b7\" data-element_type=\"column\" data-e-type=\"column\">\n\t\t\t<div class=\"elementor-widget-wrap\">\n\t\t\t\t\t\t\t<\/div>\n\t\t<\/div>\n\t\t\t\t\t<\/div>\n\t\t<\/section>\n\t\t\t\t<section class=\"elementor-section elementor-top-section elementor-element elementor-element-357b999 elementor-section-boxed elementor-section-height-default elementor-section-height-default\" data-id=\"357b999\" data-element_type=\"section\" data-e-type=\"section\">\n\t\t\t\t\t\t<div class=\"elementor-container elementor-column-gap-default\">\n\t\t\t\t\t<div class=\"elementor-column elementor-col-100 elementor-top-column elementor-element elementor-element-d6c4b57\" data-id=\"d6c4b57\" data-element_type=\"column\" data-e-type=\"column\">\n\t\t\t<div class=\"elementor-widget-wrap elementor-element-populated\">\n\t\t\t\t\t\t<div class=\"elementor-element elementor-element-332c75a elementor-widget elementor-widget-text-editor\" data-id=\"332c75a\" data-element_type=\"widget\" data-e-type=\"widget\" data-widget_type=\"text-editor.default\">\n\t\t\t\t<div class=\"elementor-widget-container\">\n\t\t\t\t\t\t\t\t\t<h2 style=\"text-align: center;\">De b\u00e4sta thail\u00e4ndska wok- och curryr\u00e4tterna<\/h2>\n\t\t\t\t\t\t\t\t<\/div>\n\t\t\t\t<\/div>\n\t\t\t\t<div class=\"elementor-element elementor-element-9096a6e elementor-mobile-align-center elementor-align-center elementor-widget elementor-widget-button\" data-id=\"9096a6e\" data-element_type=\"widget\" data-e-type=\"widget\" data-widget_type=\"button.default\">\n\t\t\t\t<div class=\"elementor-widget-container\">\n\t\t\t\t\t\t\t\t\t<div class=\"elementor-button-wrapper\">\n\t\t\t\t\t<a class=\"elementor-button elementor-button-link elementor-size-md elementor-animation-shrink\" href=\"https:\/\/hitsnoodles.com\/delivery\/\">\n\t\t\t\t\t\t<span class=\"elementor-button-content-wrapper\">\n\t\t\t\t\t\t<span class=\"elementor-button-icon\">\n\t\t\t\t<i aria-hidden=\"true\" class=\"fas fa-motorcycle\"><\/i>\t\t\t<\/span>\n\t\t\t\t\t\t\t\t\t<span class=\"elementor-button-text\">Leverans<\/span>\n\t\t\t\t\t<\/span>\n\t\t\t\t\t<\/a>\n\t\t\t\t<\/div>\n\t\t\t\t\t\t\t\t<\/div>\n\t\t\t\t<\/div>\n\t\t\t\t\t<\/div>\n\t\t<\/div>\n\t\t\t\t\t<\/div>\n\t\t<\/section>\n\t\t\t\t<section class=\"elementor-section elementor-top-section elementor-element elementor-element-239240b elementor-section-boxed elementor-section-height-default elementor-section-height-default\" data-id=\"239240b\" data-element_type=\"section\" data-e-type=\"section\">\n\t\t\t\t\t\t<div class=\"elementor-container elementor-column-gap-default\">\n\t\t\t\t\t<div class=\"elementor-column elementor-col-50 elementor-top-column elementor-element elementor-element-3e7d770\" data-id=\"3e7d770\" data-element_type=\"column\" data-e-type=\"column\" data-settings=\"{&quot;background_background&quot;:&quot;classic&quot;}\">\n\t\t\t<div class=\"elementor-widget-wrap elementor-element-populated\">\n\t\t\t\t\t\t<div class=\"elementor-element elementor-element-1a664a0 elementor-widget elementor-widget-image\" data-id=\"1a664a0\" data-element_type=\"widget\" data-e-type=\"widget\" data-widget_type=\"image.default\">\n\t\t\t\t<div class=\"elementor-widget-container\">\n\t\t\t\t\t\t\t\t\t\t\t\t\t\t\t<img fetchpriority=\"high\" decoding=\"async\" width=\"400\" height=\"400\" src=\"https:\/\/hitsnoodles.com\/wp-content\/uploads\/2019\/11\/curry-arroz.jpg\" class=\"attachment-full size-full wp-image-15108\" alt=\"\" srcset=\"https:\/\/hitsnoodles.com\/wp-content\/uploads\/2019\/11\/curry-arroz.jpg 400w, https:\/\/hitsnoodles.com\/wp-content\/uploads\/2019\/11\/curry-arroz-150x150.jpg 150w, https:\/\/hitsnoodles.com\/wp-content\/uploads\/2019\/11\/curry-arroz-300x300.jpg 300w, https:\/\/hitsnoodles.com\/wp-content\/uploads\/2019\/11\/curry-arroz-100x100.jpg 100w\" sizes=\"(max-width: 400px) 100vw, 400px\" \/>\t\t\t\t\t\t\t\t\t\t\t\t\t\t\t<\/div>\n\t\t\t\t<\/div>\n\t\t\t\t<div class=\"elementor-element elementor-element-6739eca elementor-widget elementor-widget-text-editor\" data-id=\"6739eca\" data-element_type=\"widget\" data-e-type=\"widget\" data-widget_type=\"text-editor.default\">\n\t\t\t\t<div class=\"elementor-widget-container\">\n\t\t\t\t\t\t\t\t\t<p><strong>Ris med thail\u00e4ndsk curry<\/strong><\/p>\n\t\t\t\t\t\t\t\t<\/div>\n\t\t\t\t<\/div>\n\t\t\t\t\t<\/div>\n\t\t<\/div>\n\t\t\t\t<div class=\"elementor-column elementor-col-50 elementor-top-column elementor-element elementor-element-16c87c8\" data-id=\"16c87c8\" data-element_type=\"column\" data-e-type=\"column\">\n\t\t\t<div class=\"elementor-widget-wrap elementor-element-populated\">\n\t\t\t\t\t\t<div class=\"elementor-element elementor-element-372b00a elementor-widget elementor-widget-text-editor\" data-id=\"372b00a\" data-element_type=\"widget\" data-e-type=\"widget\" data-widget_type=\"text-editor.default\">\n\t\t\t\t<div class=\"elementor-widget-container\">\n\t\t\t\t\t\t\t\t\t<p>Jasminris eller wokade nudlar.<\/p>\n\t\t\t\t\t\t\t\t<\/div>\n\t\t\t\t<\/div>\n\t\t\t\t<section class=\"elementor-section elementor-inner-section elementor-element elementor-element-dec94d5 elementor-section-boxed elementor-section-height-default elementor-section-height-default\" data-id=\"dec94d5\" data-element_type=\"section\" data-e-type=\"section\">\n\t\t\t\t\t\t<div class=\"elementor-container elementor-column-gap-default\">\n\t\t\t\t\t<div class=\"elementor-column elementor-col-33 elementor-inner-column elementor-element elementor-element-d5f8e8d\" data-id=\"d5f8e8d\" data-element_type=\"column\" data-e-type=\"column\">\n\t\t\t<div class=\"elementor-widget-wrap elementor-element-populated\">\n\t\t\t\t\t\t<div class=\"elementor-element elementor-element-d3d487b elementor-widget elementor-widget-image\" data-id=\"d3d487b\" data-element_type=\"widget\" data-e-type=\"widget\" data-widget_type=\"image.default\">\n\t\t\t\t<div class=\"elementor-widget-container\">\n\t\t\t\t\t\t\t\t\t\t\t\t\t\t\t<img decoding=\"async\" width=\"1\" height=\"1\" src=\"https:\/\/hitsnoodles.com\/wp-content\/uploads\/2019\/10\/poco-picante.svg\" class=\"attachment-large size-large wp-image-14956\" alt=\"\" \/>\t\t\t\t\t\t\t\t\t\t\t\t\t\t\t<\/div>\n\t\t\t\t<\/div>\n\t\t\t\t<div class=\"elementor-element elementor-element-018c5c0 elementor-widget elementor-widget-text-editor\" data-id=\"018c5c0\" data-element_type=\"widget\" data-e-type=\"widget\" data-widget_type=\"text-editor.default\">\n\t\t\t\t<div class=\"elementor-widget-container\">\n\t\t\t\t\t\t\t\t\t<p style=\"text-align: center;\">L\u00e5g kryddighet<\/p>\n\t\t\t\t\t\t\t\t<\/div>\n\t\t\t\t<\/div>\n\t\t\t\t\t<\/div>\n\t\t<\/div>\n\t\t\t\t<div class=\"elementor-column elementor-col-33 elementor-inner-column elementor-element elementor-element-e2d4ca6\" data-id=\"e2d4ca6\" data-element_type=\"column\" data-e-type=\"column\">\n\t\t\t<div class=\"elementor-widget-wrap elementor-element-populated\">\n\t\t\t\t\t\t<div class=\"elementor-element elementor-element-b2ef418 elementor-widget elementor-widget-image\" data-id=\"b2ef418\" data-element_type=\"widget\" data-e-type=\"widget\" data-widget_type=\"image.default\">\n\t\t\t\t<div class=\"elementor-widget-container\">\n\t\t\t\t\t\t\t\t\t\t\t\t\t\t\t<img decoding=\"async\" width=\"1\" height=\"1\" src=\"https:\/\/hitsnoodles.com\/wp-content\/uploads\/2019\/10\/medio-picante.svg\" class=\"attachment-large size-large wp-image-14948\" alt=\"\" \/>\t\t\t\t\t\t\t\t\t\t\t\t\t\t\t<\/div>\n\t\t\t\t<\/div>\n\t\t\t\t<div class=\"elementor-element elementor-element-e3ed5ef elementor-widget elementor-widget-text-editor\" data-id=\"e3ed5ef\" data-element_type=\"widget\" data-e-type=\"widget\" data-widget_type=\"text-editor.default\">\n\t\t\t\t<div class=\"elementor-widget-container\">\n\t\t\t\t\t\t\t\t\t<p style=\"text-align: center;\">Medium Kryddig<\/p>\n\t\t\t\t\t\t\t\t<\/div>\n\t\t\t\t<\/div>\n\t\t\t\t\t<\/div>\n\t\t<\/div>\n\t\t\t\t<div class=\"elementor-column elementor-col-33 elementor-inner-column elementor-element elementor-element-0e92acb\" data-id=\"0e92acb\" data-element_type=\"column\" data-e-type=\"column\">\n\t\t\t<div class=\"elementor-widget-wrap elementor-element-populated\">\n\t\t\t\t\t\t<div class=\"elementor-element elementor-element-57ef957 elementor-widget elementor-widget-image\" data-id=\"57ef957\" data-element_type=\"widget\" data-e-type=\"widget\" data-widget_type=\"image.default\">\n\t\t\t\t<div class=\"elementor-widget-container\">\n\t\t\t\t\t\t\t\t\t\t\t\t\t\t\t<img loading=\"lazy\" decoding=\"async\" width=\"1\" height=\"1\" src=\"https:\/\/hitsnoodles.com\/wp-content\/uploads\/2019\/10\/muy-picante.svg\" class=\"attachment-large size-large wp-image-14952\" alt=\"\" \/>\t\t\t\t\t\t\t\t\t\t\t\t\t\t\t<\/div>\n\t\t\t\t<\/div>\n\t\t\t\t<div class=\"elementor-element elementor-element-e896b56 elementor-widget elementor-widget-text-editor\" data-id=\"e896b56\" data-element_type=\"widget\" data-e-type=\"widget\" data-widget_type=\"text-editor.default\">\n\t\t\t\t<div class=\"elementor-widget-container\">\n\t\t\t\t\t\t\t\t\t<p style=\"text-align: center;\">Mucho Picante<\/p>\n\t\t\t\t\t\t\t\t<\/div>\n\t\t\t\t<\/div>\n\t\t\t\t\t<\/div>\n\t\t<\/div>\n\t\t\t\t\t<\/div>\n\t\t<\/section>\n\t\t\t\t<div class=\"elementor-element elementor-element-e8717ca elementor-headline--style-highlight elementor-widget elementor-widget-animated-headline\" data-id=\"e8717ca\" data-element_type=\"widget\" data-e-type=\"widget\" data-settings=\"{&quot;marker&quot;:&quot;underline&quot;,&quot;highlighted_text&quot;:&quot;v\\u00e4lsmakande&quot;,&quot;headline_style&quot;:&quot;highlight&quot;,&quot;loop&quot;:&quot;yes&quot;,&quot;highlight_animation_duration&quot;:1200,&quot;highlight_iteration_delay&quot;:8000}\" data-widget_type=\"animated-headline.default\">\n\t\t\t\t<div class=\"elementor-widget-container\">\n\t\t\t\t\t\t\t<p class=\"elementor-headline\">\n\t\t\t\t\t<span class=\"elementor-headline-plain-text elementor-headline-text-wrapper\">Dessutom kan du l\u00e4gga till n\u00e5gon av v\u00e5ra<\/span>\n\t\t\t\t<span class=\"elementor-headline-dynamic-wrapper elementor-headline-text-wrapper\">\n\t\t\t\t\t<span class=\"elementor-headline-dynamic-text elementor-headline-text-active\">v\u00e4lsmakande<\/span>\n\t\t\t\t<\/span>\n\t\t\t\t\t<span class=\"elementor-headline-plain-text elementor-headline-text-wrapper\">extras!<\/span>\n\t\t\t\t\t<\/p>\n\t\t\t\t\t\t<\/div>\n\t\t\t\t<\/div>\n\t\t\t\t<div class=\"elementor-element elementor-element-032eb24 elementor-widget elementor-widget-text-editor\" data-id=\"032eb24\" data-element_type=\"widget\" data-e-type=\"widget\" data-widget_type=\"text-editor.default\">\n\t\t\t\t<div class=\"elementor-widget-container\">\n\t\t\t\t\t\t\t\t\t<div class=\"alergenos\"><img decoding=\"async\" class=\"alignnone size-full wp-image-168\" src=\"https:\/\/hitsnoodles.com\/wp-content\/uploads\/2019\/10\/alergenos-huevos.svg\" alt=\"ris-tailandes-\u00e4gg\"> <img decoding=\"async\" class=\"alignnone size-full wp-image-166\" src=\"https:\/\/hitsnoodles.com\/wp-content\/uploads\/2019\/10\/alergenos-gluten.svg\" alt=\"ris-tailandes-gluten\"> <img decoding=\"async\" class=\"alignnone size-full wp-image-163\" src=\"https:\/\/hitsnoodles.com\/wp-content\/uploads\/2019\/10\/alergenos-crustaceos.svg\" alt=\"ris-svansandes-kr\u00e4ftdjur\"> <img decoding=\"async\" class=\"alignnone size-full wp-image-161\" src=\"https:\/\/hitsnoodles.com\/wp-content\/uploads\/2019\/10\/alergenos-apio.svg\" alt=\"ris-tailandes-apio\"> <a href=\"https:\/\/www.instagram.com\/hitsnoodlesoficial\/\" target=\"_blank\" rel=\"noopener\"><img decoding=\"async\" class=\"alignnone wp-image-172 size-full\" src=\"https:\/\/hitsnoodles.com\/wp-content\/uploads\/2019\/10\/alergenos-pescado.svg\" alt=\"ris-svansandes-fisk\"><\/a> <img decoding=\"async\" class=\"alignnone size-full wp-image-154\" src=\"https:\/\/hitsnoodles.com\/wp-content\/uploads\/2019\/10\/vegano.svg\" alt=\"thail\u00e4ndsk-vegansk-ris\"><\/div>\n\t\t\t\t\t\t\t\t<\/div>\n\t\t\t\t<\/div>\n\t\t\t\t\t<\/div>\n\t\t<\/div>\n\t\t\t\t\t<\/div>\n\t\t<\/section>\n\t\t\t\t<section class=\"elementor-section elementor-top-section elementor-element elementor-element-1c693fd elementor-section-boxed elementor-section-height-default elementor-section-height-default\" data-id=\"1c693fd\" data-element_type=\"section\" data-e-type=\"section\">\n\t\t\t\t\t\t<div class=\"elementor-container elementor-column-gap-default\">\n\t\t\t\t\t<div class=\"elementor-column elementor-col-100 elementor-top-column elementor-element elementor-element-9644001\" data-id=\"9644001\" data-element_type=\"column\" data-e-type=\"column\">\n\t\t\t<div class=\"elementor-widget-wrap elementor-element-populated\">\n\t\t\t\t\t\t<div class=\"elementor-element elementor-element-80c8481 elementor-widget elementor-widget-text-editor\" data-id=\"80c8481\" data-element_type=\"widget\" data-e-type=\"widget\" data-widget_type=\"text-editor.default\">\n\t\t\t\t<div class=\"elementor-widget-container\">\n\t\t\t\t\t\t\t\t\t<h2>Komplettera med:<\/h2>\n\t\t\t\t\t\t\t\t<\/div>\n\t\t\t\t<\/div>\n\t\t\t\t\t<\/div>\n\t\t<\/div>\n\t\t\t\t\t<\/div>\n\t\t<\/section>\n\t\t\t\t<section class=\"elementor-section elementor-top-section elementor-element elementor-element-2705c04 elementor-section-full_width carta elementor-section-stretched elementor-section-height-default elementor-section-height-default\" data-id=\"2705c04\" data-element_type=\"section\" data-e-type=\"section\" data-settings=\"{&quot;stretch_section&quot;:&quot;section-stretched&quot;}\">\n\t\t\t\t\t\t<div class=\"elementor-container elementor-column-gap-no\">\n\t\t\t\t\t<div class=\"elementor-column elementor-col-25 elementor-top-column elementor-element elementor-element-32910b2\" data-id=\"32910b2\" data-element_type=\"column\" data-e-type=\"column\" data-settings=\"{&quot;background_background&quot;:&quot;classic&quot;}\">\n\t\t\t<div class=\"elementor-widget-wrap elementor-element-populated\">\n\t\t\t\t\t<div class=\"elementor-background-overlay\"><\/div>\n\t\t\t\t\t\t<div class=\"elementor-element elementor-element-41ba18a elementor-widget elementor-widget-text-editor\" data-id=\"41ba18a\" data-element_type=\"widget\" data-e-type=\"widget\" data-widget_type=\"text-editor.default\">\n\t\t\t\t<div class=\"elementor-widget-container\">\n\t\t\t\t\t\t\t\t\t<h2>Poke<\/h2>\n\t\t\t\t\t\t\t\t<\/div>\n\t\t\t\t<\/div>\n\t\t\t\t\t<\/div>\n\t\t<\/div>\n\t\t\t\t<div class=\"elementor-column elementor-col-25 elementor-top-column elementor-element elementor-element-075f733\" data-id=\"075f733\" data-element_type=\"column\" data-e-type=\"column\" data-settings=\"{&quot;background_background&quot;:&quot;classic&quot;}\">\n\t\t\t<div class=\"elementor-widget-wrap elementor-element-populated\">\n\t\t\t\t\t<div class=\"elementor-background-overlay\"><\/div>\n\t\t\t\t\t\t<div class=\"elementor-element elementor-element-481d7c0 elementor-widget elementor-widget-text-editor\" data-id=\"481d7c0\" data-element_type=\"widget\" data-e-type=\"widget\" data-widget_type=\"text-editor.default\">\n\t\t\t\t<div class=\"elementor-widget-container\">\n\t\t\t\t\t\t\t\t\t<h2>Fina nudlar<\/h2>\n\t\t\t\t\t\t\t\t<\/div>\n\t\t\t\t<\/div>\n\t\t\t\t\t<\/div>\n\t\t<\/div>\n\t\t\t\t<div class=\"elementor-column elementor-col-25 elementor-top-column elementor-element elementor-element-3bc6463\" data-id=\"3bc6463\" data-element_type=\"column\" data-e-type=\"column\" data-settings=\"{&quot;background_background&quot;:&quot;classic&quot;}\">\n\t\t\t<div class=\"elementor-widget-wrap elementor-element-populated\">\n\t\t\t\t\t<div class=\"elementor-background-overlay\"><\/div>\n\t\t\t\t\t\t<div class=\"elementor-element elementor-element-920a813 elementor-widget elementor-widget-text-editor\" data-id=\"920a813\" data-element_type=\"widget\" data-e-type=\"widget\" data-widget_type=\"text-editor.default\">\n\t\t\t\t<div class=\"elementor-widget-container\">\n\t\t\t\t\t\t\t\t\t<h2>Pad Thai<\/h2>\n\t\t\t\t\t\t\t\t<\/div>\n\t\t\t\t<\/div>\n\t\t\t\t\t<\/div>\n\t\t<\/div>\n\t\t\t\t<div class=\"elementor-column elementor-col-25 elementor-top-column elementor-element elementor-element-d541def\" data-id=\"d541def\" data-element_type=\"column\" data-e-type=\"column\" data-settings=\"{&quot;background_background&quot;:&quot;classic&quot;}\">\n\t\t\t<div class=\"elementor-widget-wrap elementor-element-populated\">\n\t\t\t\t\t<div class=\"elementor-background-overlay\"><\/div>\n\t\t\t\t\t\t<div class=\"elementor-element elementor-element-4fb78e1 elementor-widget elementor-widget-text-editor\" data-id=\"4fb78e1\" data-element_type=\"widget\" data-e-type=\"widget\" data-widget_type=\"text-editor.default\">\n\t\t\t\t<div class=\"elementor-widget-container\">\n\t\t\t\t\t\t\t\t\t<h2>Udon<\/h2>\n\t\t\t\t\t\t\t\t<\/div>\n\t\t\t\t<\/div>\n\t\t\t\t\t<\/div>\n\t\t<\/div>\n\t\t\t\t\t<\/div>\n\t\t<\/section>\n\t\t\t\t<section class=\"elementor-section elementor-top-section elementor-element elementor-element-cc36417 elementor-section-boxed elementor-section-height-default elementor-section-height-default\" data-id=\"cc36417\" data-element_type=\"section\" data-e-type=\"section\">\n\t\t\t\t\t\t<div class=\"elementor-container elementor-column-gap-default\">\n\t\t\t\t\t<div class=\"elementor-column elementor-col-100 elementor-top-column elementor-element elementor-element-88a3590\" data-id=\"88a3590\" data-element_type=\"column\" data-e-type=\"column\">\n\t\t\t<div class=\"elementor-widget-wrap elementor-element-populated\">\n\t\t\t\t\t\t<div class=\"elementor-element elementor-element-8d9c9ad elementor-widget elementor-widget-html\" data-id=\"8d9c9ad\" data-element_type=\"widget\" data-e-type=\"widget\" data-widget_type=\"html.default\">\n\t\t\t\t<div class=\"elementor-widget-container\">\n\t\t\t\t\t<script type=\"application\/ld+json\">{\n  \"@context\": \"https:\/\/schema.org\",\n  \"@type\": \"BreadcrumbList\",\n  \"itemListElement\": [{\n      \"@type\": \"ListItem\",\n      \"position\": 1,\n      \"name\": \"Hits Noodles\",\n      \"item\": \"https:\/\/hitsnoodles.com\"\n    },{\n      \"@type\": \"ListItem\",\n      \"position\": 2,\n      \"name\": \"Sopas\",\n      \"item\": \"https:\/\/hitsnoodles.com\/sopas\/\"\n    }]\n}\n<\/script>\t\t\t\t<\/div>\n\t\t\t\t<\/div>\n\t\t\t\t<div class=\"elementor-element elementor-element-6fd3e92 elementor-widget elementor-widget-html\" data-id=\"6fd3e92\" data-element_type=\"widget\" data-e-type=\"widget\" data-widget_type=\"html.default\">\n\t\t\t\t<div class=\"elementor-widget-container\">\n\t\t\t\t\t<script type=\"application\/ld+json\">{\n  \"@context\": \"https:\/\/schema.org\",\n  \"@type\": \"Product\",\n  \"name\": \"Thai Curry Rice\",\n  \"image\": \"https:\/\/hitsnoodles.com\/wp-content\/uploads\/2019\/11\/curry-arroz.jpg\",\n  \"description\": \"Un deliciosa arroz tailandes salteado al wok con un varia sopciones de curry a elegir.\",\n  \"brand\": \"Hits Noodles\",\n  \"offers\": {\n    \"@type\": \"AggregateOffer\",\n    \"priceCurrency\": \"EUR\",\n    \"lowPrice\": \"9.10\",\n    \"highPrice\": \"13.90\",\n    \"offerCount\": \"6\",\n    \"availability\": \"http:\/\/schema.org\/InStock\",\n    \"seller\": {\n      \"@type\": \"Organization\",\n      \"name\": \"Hits Noodles\"\n    }\n  }\n}\n<\/script>\t\t\t\t<\/div>\n\t\t\t\t<\/div>\n\t\t\t\t<div class=\"elementor-element elementor-element-3af1306 elementor-widget elementor-widget-html\" data-id=\"3af1306\" data-element_type=\"widget\" data-e-type=\"widget\" data-widget_type=\"html.default\">\n\t\t\t\t<div class=\"elementor-widget-container\">\n\t\t\t\t\t<script type=\"application\/ld+json\">{\n  \"@context\": \"https:\/\/schema.org\",\n  \"@type\": \"FAQPage\",\n  \"mainEntity\": [\n    {\n      \"@type\": \"Question\",\n      \"name\": \"\u00bfQu\u00e9 tipos de curries tailandeses ofrece Hits Noodles?\",\n      \"acceptedAnswer\": {\n        \"@type\": \"Answer\",\n        \"text\": \"Hits Noodles ofrece una variedad de curries tailandeses, incluyendo opciones con distintos niveles de picante.\"\n      }\n    },\n    {\n      \"@type\": \"Question\",\n      \"name\": \"\u00bfPuedo a\u00f1adir extras a mi plato de Thai Wok & Curry?\",\n      \"acceptedAnswer\": {\n        \"@type\": \"Answer\",\n        \"text\": \"S\u00ed, Hits Noodles permite a\u00f1adir varios extras a sus platos de Thai Wok & Curry para personalizarlos.\"\n      }\n    },\n    {\n      \"@type\": \"Question\",\n      \"name\": \"\u00bfOfrece Hits Noodles opciones vegetarianas o veganas?\",\n      \"acceptedAnswer\": {\n        \"@type\": \"Answer\",\n        \"text\": \"S\u00ed, Hits Noodles tiene opciones vegetarianas y veganas disponibles en su men\u00fa.\"\n      }\n    }\n  ]\n}\n<\/script>\t\t\t\t<\/div>\n\t\t\t\t<\/div>\n\t\t\t\t\t<\/div>\n\t\t<\/div>\n\t\t\t\t\t<\/div>\n\t\t<\/section>\n\t\t\t\t<\/div>\n\t\t","protected":false},"excerpt":{"rendered":"<p>De b\u00e4sta thail\u00e4ndska wok- och curryr\u00e4tterna Leverans Ris med thail\u00e4ndsk curry Jasminris eller wokade nudlar. L\u00e5g kryddighet Medium Kryddig Mucho Picante Dessutom kan du l\u00e4gga till n\u00e5gon av v\u00e5ra v\u00e4lsmakande extras! Komplettera med: Poke Fina nudlar Pad Thai Udon<\/p>\n","protected":false},"author":1,"featured_media":15108,"parent":0,"menu_order":0,"comment_status":"closed","ping_status":"closed","template":"","meta":{"footnotes":""},"class_list":["post-17923","page","type-page","status-publish","has-post-thumbnail"],"_links":{"self":[{"href":"https:\/\/hitsnoodles.com\/sv\/wp-json\/wp\/v2\/pages\/17923","targetHints":{"allow":["GET"]}}],"collection":[{"href":"https:\/\/hitsnoodles.com\/sv\/wp-json\/wp\/v2\/pages"}],"about":[{"href":"https:\/\/hitsnoodles.com\/sv\/wp-json\/wp\/v2\/types\/page"}],"author":[{"embeddable":true,"href":"https:\/\/hitsnoodles.com\/sv\/wp-json\/wp\/v2\/users\/1"}],"replies":[{"embeddable":true,"href":"https:\/\/hitsnoodles.com\/sv\/wp-json\/wp\/v2\/comments?post=17923"}],"version-history":[{"count":0,"href":"https:\/\/hitsnoodles.com\/sv\/wp-json\/wp\/v2\/pages\/17923\/revisions"}],"wp:featuredmedia":[{"embeddable":true,"href":"https:\/\/hitsnoodles.com\/sv\/wp-json\/wp\/v2\/media\/15108"}],"wp:attachment":[{"href":"https:\/\/hitsnoodles.com\/sv\/wp-json\/wp\/v2\/media?parent=17923"}],"curies":[{"name":"wp","href":"https:\/\/api.w.org\/{rel}","templated":true}]}}