{"id":17910,"date":"2019-11-06T12:31:27","date_gmt":"2019-11-06T12:31:27","guid":{"rendered":"https:\/\/hitsnoodles.com\/rolls\/"},"modified":"2024-04-11T11:41:23","modified_gmt":"2024-04-11T11:41:23","slug":"rolls","status":"publish","type":"page","link":"https:\/\/hitsnoodles.com\/en\/rolls\/","title":{"rendered":"Rolls"},"content":{"rendered":"\t\t<div data-elementor-type=\"wp-page\" data-elementor-id=\"17910\" class=\"elementor elementor-17910 elementor-1765\" data-elementor-post-type=\"page\">\n\t\t\t\t\t\t<section class=\"elementor-section elementor-top-section elementor-element elementor-element-1f7c3ff elementor-section-boxed elementor-section-height-default elementor-section-height-default\" data-id=\"1f7c3ff\" data-element_type=\"section\" data-e-type=\"section\">\n\t\t\t\t\t\t<div class=\"elementor-container elementor-column-gap-default\">\n\t\t\t\t\t<div class=\"elementor-column elementor-col-100 elementor-top-column elementor-element elementor-element-8464fb4\" data-id=\"8464fb4\" data-element_type=\"column\" data-e-type=\"column\">\n\t\t\t<div class=\"elementor-widget-wrap\">\n\t\t\t\t\t\t\t<\/div>\n\t\t<\/div>\n\t\t\t\t\t<\/div>\n\t\t<\/section>\n\t\t\t\t<section class=\"elementor-section elementor-top-section elementor-element elementor-element-d17d162 elementor-section-boxed elementor-section-height-default elementor-section-height-default\" data-id=\"d17d162\" data-element_type=\"section\" data-e-type=\"section\">\n\t\t\t\t\t\t<div class=\"elementor-container elementor-column-gap-default\">\n\t\t\t\t\t<div class=\"elementor-column elementor-col-100 elementor-top-column elementor-element elementor-element-d5eafd8\" data-id=\"d5eafd8\" data-element_type=\"column\" data-e-type=\"column\">\n\t\t\t<div class=\"elementor-widget-wrap elementor-element-populated\">\n\t\t\t\t\t\t<div class=\"elementor-element elementor-element-9dc96d3 elementor-widget elementor-widget-text-editor\" data-id=\"9dc96d3\" data-element_type=\"widget\" data-e-type=\"widget\" data-widget_type=\"text-editor.default\">\n\t\t\t\t<div class=\"elementor-widget-container\">\n\t\t\t\t\t\t\t\t\t<h2 style=\"text-align: center;\">The Best Thai Rolls<\/h2>\n\t\t\t\t\t\t\t\t<\/div>\n\t\t\t\t<\/div>\n\t\t\t\t<div class=\"elementor-element elementor-element-d805852 elementor-mobile-align-center elementor-align-center elementor-widget elementor-widget-button\" data-id=\"d805852\" data-element_type=\"widget\" data-e-type=\"widget\" data-widget_type=\"button.default\">\n\t\t\t\t<div class=\"elementor-widget-container\">\n\t\t\t\t\t\t\t\t\t<div class=\"elementor-button-wrapper\">\n\t\t\t\t\t<a class=\"elementor-button elementor-button-link elementor-size-md elementor-animation-shrink\" href=\"https:\/\/hitsnoodles.com\/delivery\/\">\n\t\t\t\t\t\t<span class=\"elementor-button-content-wrapper\">\n\t\t\t\t\t\t<span class=\"elementor-button-icon\">\n\t\t\t\t<i aria-hidden=\"true\" class=\"fas fa-motorcycle\"><\/i>\t\t\t<\/span>\n\t\t\t\t\t\t\t\t\t<span class=\"elementor-button-text\">Delivery<\/span>\n\t\t\t\t\t<\/span>\n\t\t\t\t\t<\/a>\n\t\t\t\t<\/div>\n\t\t\t\t\t\t\t\t<\/div>\n\t\t\t\t<\/div>\n\t\t\t\t\t<\/div>\n\t\t<\/div>\n\t\t\t\t\t<\/div>\n\t\t<\/section>\n\t\t\t\t<section class=\"elementor-section elementor-top-section elementor-element elementor-element-9845027 elementor-section-boxed elementor-section-height-default elementor-section-height-default\" data-id=\"9845027\" data-element_type=\"section\" data-e-type=\"section\">\n\t\t\t\t\t\t<div class=\"elementor-container elementor-column-gap-default\">\n\t\t\t\t\t<div class=\"elementor-column elementor-col-50 elementor-top-column elementor-element elementor-element-7a85c84\" data-id=\"7a85c84\" data-element_type=\"column\" data-e-type=\"column\" data-settings=\"{&quot;background_background&quot;:&quot;classic&quot;}\">\n\t\t\t<div class=\"elementor-widget-wrap elementor-element-populated\">\n\t\t\t\t\t\t<div class=\"elementor-element elementor-element-2a3adb9 elementor-widget elementor-widget-image\" data-id=\"2a3adb9\" data-element_type=\"widget\" data-e-type=\"widget\" data-widget_type=\"image.default\">\n\t\t\t\t<div class=\"elementor-widget-container\">\n\t\t\t\t\t\t\t\t\t\t\t\t\t\t\t<img fetchpriority=\"high\" decoding=\"async\" width=\"400\" height=\"400\" src=\"https:\/\/hitsnoodles.com\/wp-content\/uploads\/2019\/11\/thai-wrap.jpg\" class=\"attachment-full size-full wp-image-15118\" alt=\"\" srcset=\"https:\/\/hitsnoodles.com\/wp-content\/uploads\/2019\/11\/thai-wrap.jpg 400w, https:\/\/hitsnoodles.com\/wp-content\/uploads\/2019\/11\/thai-wrap-150x150.jpg 150w, https:\/\/hitsnoodles.com\/wp-content\/uploads\/2019\/11\/thai-wrap-300x300.jpg 300w, https:\/\/hitsnoodles.com\/wp-content\/uploads\/2019\/11\/thai-wrap-100x100.jpg 100w\" sizes=\"(max-width: 400px) 100vw, 400px\" \/>\t\t\t\t\t\t\t\t\t\t\t\t\t\t\t<\/div>\n\t\t\t\t<\/div>\n\t\t\t\t<div class=\"elementor-element elementor-element-077b24f elementor-widget elementor-widget-text-editor\" data-id=\"077b24f\" data-element_type=\"widget\" data-e-type=\"widget\" data-widget_type=\"text-editor.default\">\n\t\t\t\t<div class=\"elementor-widget-container\">\n\t\t\t\t\t\t\t\t\t<p><strong>Thai Rolls<\/strong><\/p>\n\t\t\t\t\t\t\t\t<\/div>\n\t\t\t\t<\/div>\n\t\t\t\t\t<\/div>\n\t\t<\/div>\n\t\t\t\t<div class=\"elementor-column elementor-col-50 elementor-top-column elementor-element elementor-element-6dd4b14\" data-id=\"6dd4b14\" data-element_type=\"column\" data-e-type=\"column\">\n\t\t\t<div class=\"elementor-widget-wrap elementor-element-populated\">\n\t\t\t\t\t\t<div class=\"elementor-element elementor-element-065ce8d elementor-widget elementor-widget-text-editor\" data-id=\"065ce8d\" data-element_type=\"widget\" data-e-type=\"widget\" data-widget_type=\"text-editor.default\">\n\t\t\t\t<div class=\"elementor-widget-container\">\n\t\t\t\t\t\t\t\t\t<p>Flour tortilla rolled with chicken, beef or shrimp, assorted seasonal vegetables marinated in our special sauce.<\/p>\n\t\t\t\t\t\t\t\t<\/div>\n\t\t\t\t<\/div>\n\t\t\t\t<section class=\"elementor-section elementor-inner-section elementor-element elementor-element-6e47720 elementor-section-boxed elementor-section-height-default elementor-section-height-default\" data-id=\"6e47720\" data-element_type=\"section\" data-e-type=\"section\">\n\t\t\t\t\t\t<div class=\"elementor-container elementor-column-gap-default\">\n\t\t\t\t\t<div class=\"elementor-column elementor-col-33 elementor-inner-column elementor-element elementor-element-f5398b3\" data-id=\"f5398b3\" data-element_type=\"column\" data-e-type=\"column\">\n\t\t\t<div class=\"elementor-widget-wrap elementor-element-populated\">\n\t\t\t\t\t\t<div class=\"elementor-element elementor-element-d9b1d28 elementor-widget elementor-widget-image\" data-id=\"d9b1d28\" data-element_type=\"widget\" data-e-type=\"widget\" data-widget_type=\"image.default\">\n\t\t\t\t<div class=\"elementor-widget-container\">\n\t\t\t\t\t\t\t\t\t\t\t\t\t\t\t<img decoding=\"async\" width=\"1\" height=\"1\" src=\"https:\/\/hitsnoodles.com\/wp-content\/uploads\/2019\/10\/poco-picante.svg\" class=\"attachment-large size-large wp-image-14954\" alt=\"\" \/>\t\t\t\t\t\t\t\t\t\t\t\t\t\t\t<\/div>\n\t\t\t\t<\/div>\n\t\t\t\t<div class=\"elementor-element elementor-element-a659c91 elementor-widget elementor-widget-text-editor\" data-id=\"a659c91\" data-element_type=\"widget\" data-e-type=\"widget\" data-widget_type=\"text-editor.default\">\n\t\t\t\t<div class=\"elementor-widget-container\">\n\t\t\t\t\t\t\t\t\t<p style=\"text-align: center;\">Low Spice<\/p>\n\t\t\t\t\t\t\t\t<\/div>\n\t\t\t\t<\/div>\n\t\t\t\t\t<\/div>\n\t\t<\/div>\n\t\t\t\t<div class=\"elementor-column elementor-col-33 elementor-inner-column elementor-element elementor-element-094aeee\" data-id=\"094aeee\" data-element_type=\"column\" data-e-type=\"column\">\n\t\t\t<div class=\"elementor-widget-wrap elementor-element-populated\">\n\t\t\t\t\t\t<div class=\"elementor-element elementor-element-2482bd1 elementor-widget elementor-widget-image\" data-id=\"2482bd1\" data-element_type=\"widget\" data-e-type=\"widget\" data-widget_type=\"image.default\">\n\t\t\t\t<div class=\"elementor-widget-container\">\n\t\t\t\t\t\t\t\t\t\t\t\t\t\t\t<img decoding=\"async\" width=\"1\" height=\"1\" src=\"https:\/\/hitsnoodles.com\/wp-content\/uploads\/2019\/10\/medio-picante.svg\" class=\"attachment-large size-large wp-image-14946\" alt=\"\" \/>\t\t\t\t\t\t\t\t\t\t\t\t\t\t\t<\/div>\n\t\t\t\t<\/div>\n\t\t\t\t<div class=\"elementor-element elementor-element-79e4d0a elementor-widget elementor-widget-text-editor\" data-id=\"79e4d0a\" data-element_type=\"widget\" data-e-type=\"widget\" data-widget_type=\"text-editor.default\">\n\t\t\t\t<div class=\"elementor-widget-container\">\n\t\t\t\t\t\t\t\t\t<p style=\"text-align: center;\">Medium Spicy<\/p>\n\t\t\t\t\t\t\t\t<\/div>\n\t\t\t\t<\/div>\n\t\t\t\t\t<\/div>\n\t\t<\/div>\n\t\t\t\t<div class=\"elementor-column elementor-col-33 elementor-inner-column elementor-element elementor-element-f73a055\" data-id=\"f73a055\" data-element_type=\"column\" data-e-type=\"column\">\n\t\t\t<div class=\"elementor-widget-wrap elementor-element-populated\">\n\t\t\t\t\t\t<div class=\"elementor-element elementor-element-bcbbea6 elementor-widget elementor-widget-image\" data-id=\"bcbbea6\" data-element_type=\"widget\" data-e-type=\"widget\" data-widget_type=\"image.default\">\n\t\t\t\t<div class=\"elementor-widget-container\">\n\t\t\t\t\t\t\t\t\t\t\t\t\t\t\t<img loading=\"lazy\" decoding=\"async\" width=\"1\" height=\"1\" src=\"https:\/\/hitsnoodles.com\/wp-content\/uploads\/2019\/10\/muy-picante.svg\" class=\"attachment-large size-large wp-image-14950\" alt=\"\" \/>\t\t\t\t\t\t\t\t\t\t\t\t\t\t\t<\/div>\n\t\t\t\t<\/div>\n\t\t\t\t<div class=\"elementor-element elementor-element-3337bef elementor-widget elementor-widget-text-editor\" data-id=\"3337bef\" data-element_type=\"widget\" data-e-type=\"widget\" data-widget_type=\"text-editor.default\">\n\t\t\t\t<div class=\"elementor-widget-container\">\n\t\t\t\t\t\t\t\t\t<p style=\"text-align: center;\">Mucho Picante<\/p>\n\t\t\t\t\t\t\t\t<\/div>\n\t\t\t\t<\/div>\n\t\t\t\t\t<\/div>\n\t\t<\/div>\n\t\t\t\t\t<\/div>\n\t\t<\/section>\n\t\t\t\t<div class=\"elementor-element elementor-element-515c3fb elementor-headline--style-highlight elementor-widget elementor-widget-animated-headline\" data-id=\"515c3fb\" data-element_type=\"widget\" data-e-type=\"widget\" data-settings=\"{&quot;marker&quot;:&quot;underline&quot;,&quot;highlighted_text&quot;:&quot;tasty&quot;,&quot;headline_style&quot;:&quot;highlight&quot;,&quot;loop&quot;:&quot;yes&quot;,&quot;highlight_animation_duration&quot;:1200,&quot;highlight_iteration_delay&quot;:8000}\" data-widget_type=\"animated-headline.default\">\n\t\t\t\t<div class=\"elementor-widget-container\">\n\t\t\t\t\t\t\t<p class=\"elementor-headline\">\n\t\t\t\t\t<span class=\"elementor-headline-plain-text elementor-headline-text-wrapper\">In addition, you can add any of our<\/span>\n\t\t\t\t<span class=\"elementor-headline-dynamic-wrapper elementor-headline-text-wrapper\">\n\t\t\t\t\t<span class=\"elementor-headline-dynamic-text elementor-headline-text-active\">tasty<\/span>\n\t\t\t\t<\/span>\n\t\t\t\t\t<span class=\"elementor-headline-plain-text elementor-headline-text-wrapper\">extras!<\/span>\n\t\t\t\t\t<\/p>\n\t\t\t\t\t\t<\/div>\n\t\t\t\t<\/div>\n\t\t\t\t<div class=\"elementor-element elementor-element-6f7c007 elementor-widget elementor-widget-text-editor\" data-id=\"6f7c007\" data-element_type=\"widget\" data-e-type=\"widget\" data-widget_type=\"text-editor.default\">\n\t\t\t\t<div class=\"elementor-widget-container\">\n\t\t\t\t\t\t\t\t\t<div class=\"alergenos\"><img decoding=\"async\" class=\"alignnone size-full wp-image-168\" src=\"https:\/\/hitsnoodles.com\/wp-content\/uploads\/2019\/10\/alergenos-huevos.svg\" alt=\"rice-tailandes-egg\"> <img decoding=\"async\" class=\"alignnone size-full wp-image-166\" src=\"https:\/\/hitsnoodles.com\/wp-content\/uploads\/2019\/10\/alergenos-gluten.svg\" alt=\"rice-tailandes-gluten\"> <img decoding=\"async\" class=\"alignnone size-full wp-image-163\" src=\"https:\/\/hitsnoodles.com\/wp-content\/uploads\/2019\/10\/alergenos-crustaceos.svg\" alt=\"rice-tailandes-crustaceans\"> <img decoding=\"async\" class=\"alignnone size-full wp-image-161\" src=\"https:\/\/hitsnoodles.com\/wp-content\/uploads\/2019\/10\/alergenos-apio.svg\" alt=\"rice-tailandes-apio\"> <a href=\"https:\/\/www.instagram.com\/hitsnoodlesoficial\/\" target=\"_blank\" rel=\"noopener\"><img decoding=\"async\" class=\"alignnone wp-image-172 size-full\" src=\"https:\/\/hitsnoodles.com\/wp-content\/uploads\/2019\/10\/alergenos-pescado.svg\" alt=\"rice-tailandes-fish\"><\/a> <img decoding=\"async\" class=\"alignnone size-full wp-image-154\" src=\"https:\/\/hitsnoodles.com\/wp-content\/uploads\/2019\/10\/vegano.svg\" alt=\"rice-tailandes-vegan\"><\/div>\n\t\t\t\t\t\t\t\t<\/div>\n\t\t\t\t<\/div>\n\t\t\t\t\t<\/div>\n\t\t<\/div>\n\t\t\t\t\t<\/div>\n\t\t<\/section>\n\t\t\t\t<section class=\"elementor-section elementor-top-section elementor-element elementor-element-03a2060 elementor-section-boxed elementor-section-height-default elementor-section-height-default\" data-id=\"03a2060\" data-element_type=\"section\" data-e-type=\"section\">\n\t\t\t\t\t\t<div class=\"elementor-container elementor-column-gap-default\">\n\t\t\t\t\t<div class=\"elementor-column elementor-col-100 elementor-top-column elementor-element elementor-element-23c62a4\" data-id=\"23c62a4\" data-element_type=\"column\" data-e-type=\"column\">\n\t\t\t<div class=\"elementor-widget-wrap elementor-element-populated\">\n\t\t\t\t\t\t<div class=\"elementor-element elementor-element-e4c8958 elementor-widget elementor-widget-text-editor\" data-id=\"e4c8958\" data-element_type=\"widget\" data-e-type=\"widget\" data-widget_type=\"text-editor.default\">\n\t\t\t\t<div class=\"elementor-widget-container\">\n\t\t\t\t\t\t\t\t\t<h2>Accompany it with:<\/h2>\n\t\t\t\t\t\t\t\t<\/div>\n\t\t\t\t<\/div>\n\t\t\t\t\t<\/div>\n\t\t<\/div>\n\t\t\t\t\t<\/div>\n\t\t<\/section>\n\t\t\t\t<section class=\"elementor-section elementor-top-section elementor-element elementor-element-7b772c2 elementor-section-full_width carta elementor-section-stretched elementor-section-height-default elementor-section-height-default\" data-id=\"7b772c2\" data-element_type=\"section\" data-e-type=\"section\" data-settings=\"{&quot;stretch_section&quot;:&quot;section-stretched&quot;}\">\n\t\t\t\t\t\t<div class=\"elementor-container elementor-column-gap-no\">\n\t\t\t\t\t<div class=\"elementor-column elementor-col-25 elementor-top-column elementor-element elementor-element-68f599f\" data-id=\"68f599f\" data-element_type=\"column\" data-e-type=\"column\" data-settings=\"{&quot;background_background&quot;:&quot;classic&quot;}\">\n\t\t\t<div class=\"elementor-widget-wrap elementor-element-populated\">\n\t\t\t\t\t<div class=\"elementor-background-overlay\"><\/div>\n\t\t\t\t\t\t<div class=\"elementor-element elementor-element-1f72121 elementor-widget elementor-widget-text-editor\" data-id=\"1f72121\" data-element_type=\"widget\" data-e-type=\"widget\" data-widget_type=\"text-editor.default\">\n\t\t\t\t<div class=\"elementor-widget-container\">\n\t\t\t\t\t\t\t\t\t<h2>Poke Bowl<\/h2>\n\t\t\t\t\t\t\t\t<\/div>\n\t\t\t\t<\/div>\n\t\t\t\t\t<\/div>\n\t\t<\/div>\n\t\t\t\t<div class=\"elementor-column elementor-col-25 elementor-top-column elementor-element elementor-element-cf9f057\" data-id=\"cf9f057\" data-element_type=\"column\" data-e-type=\"column\" data-settings=\"{&quot;background_background&quot;:&quot;classic&quot;}\">\n\t\t\t<div class=\"elementor-widget-wrap elementor-element-populated\">\n\t\t\t\t\t<div class=\"elementor-background-overlay\"><\/div>\n\t\t\t\t\t\t<div class=\"elementor-element elementor-element-20408fe elementor-widget elementor-widget-text-editor\" data-id=\"20408fe\" data-element_type=\"widget\" data-e-type=\"widget\" data-widget_type=\"text-editor.default\">\n\t\t\t\t<div class=\"elementor-widget-container\">\n\t\t\t\t\t\t\t\t\t<h2>Soups<\/h2>\n\t\t\t\t\t\t\t\t<\/div>\n\t\t\t\t<\/div>\n\t\t\t\t\t<\/div>\n\t\t<\/div>\n\t\t\t\t<div class=\"elementor-column elementor-col-25 elementor-top-column elementor-element elementor-element-b0e574b\" data-id=\"b0e574b\" data-element_type=\"column\" data-e-type=\"column\" data-settings=\"{&quot;background_background&quot;:&quot;classic&quot;}\">\n\t\t\t<div class=\"elementor-widget-wrap elementor-element-populated\">\n\t\t\t\t\t<div class=\"elementor-background-overlay\"><\/div>\n\t\t\t\t\t\t<div class=\"elementor-element elementor-element-f0f36cc elementor-widget elementor-widget-text-editor\" data-id=\"f0f36cc\" data-element_type=\"widget\" data-e-type=\"widget\" data-widget_type=\"text-editor.default\">\n\t\t\t\t<div class=\"elementor-widget-container\">\n\t\t\t\t\t\t\t\t\t<h2>Skewers<\/h2>\n\t\t\t\t\t\t\t\t<\/div>\n\t\t\t\t<\/div>\n\t\t\t\t\t<\/div>\n\t\t<\/div>\n\t\t\t\t<div class=\"elementor-column elementor-col-25 elementor-top-column elementor-element elementor-element-8323d18\" data-id=\"8323d18\" data-element_type=\"column\" data-e-type=\"column\" data-settings=\"{&quot;background_background&quot;:&quot;classic&quot;}\">\n\t\t\t<div class=\"elementor-widget-wrap elementor-element-populated\">\n\t\t\t\t\t<div class=\"elementor-background-overlay\"><\/div>\n\t\t\t\t\t\t<div class=\"elementor-element elementor-element-f273ab0 elementor-widget elementor-widget-text-editor\" data-id=\"f273ab0\" data-element_type=\"widget\" data-e-type=\"widget\" data-widget_type=\"text-editor.default\">\n\t\t\t\t<div class=\"elementor-widget-container\">\n\t\t\t\t\t\t\t\t\t<h2>Delicious starters<\/h2>\n\t\t\t\t\t\t\t\t<\/div>\n\t\t\t\t<\/div>\n\t\t\t\t\t<\/div>\n\t\t<\/div>\n\t\t\t\t\t<\/div>\n\t\t<\/section>\n\t\t\t\t<section class=\"elementor-section elementor-top-section elementor-element elementor-element-cb1dc98 elementor-section-boxed elementor-section-height-default elementor-section-height-default\" data-id=\"cb1dc98\" data-element_type=\"section\" data-e-type=\"section\">\n\t\t\t\t\t\t<div class=\"elementor-container elementor-column-gap-default\">\n\t\t\t\t\t<div class=\"elementor-column elementor-col-100 elementor-top-column elementor-element elementor-element-5db5eb7\" data-id=\"5db5eb7\" data-element_type=\"column\" data-e-type=\"column\">\n\t\t\t<div class=\"elementor-widget-wrap elementor-element-populated\">\n\t\t\t\t\t\t<div class=\"elementor-element elementor-element-c84a903 elementor-widget elementor-widget-html\" data-id=\"c84a903\" data-element_type=\"widget\" data-e-type=\"widget\" data-widget_type=\"html.default\">\n\t\t\t\t<div class=\"elementor-widget-container\">\n\t\t\t\t\t<script type=\"application\/ld+json\">{\n  \"@context\": \"https:\/\/schema.org\",\n  \"@type\": \"BreadcrumbList\",\n  \"itemListElement\": [{\n      \"@type\": \"ListItem\",\n      \"position\": 1,\n      \"name\": \"Hits Noodles\",\n      \"item\": \"https:\/\/hitsnoodles.com\"\n    },{\n      \"@type\": \"ListItem\",\n      \"position\": 2,\n      \"name\": \"Rollitos Tailandeses\",\n      \"item\": \"https:\/\/hitsnoodles.com\/rollitos\/\"\n    }]\n}\n<\/script>\t\t\t\t<\/div>\n\t\t\t\t<\/div>\n\t\t\t\t\t<\/div>\n\t\t<\/div>\n\t\t\t\t\t<\/div>\n\t\t<\/section>\n\t\t\t\t<section class=\"elementor-section elementor-top-section elementor-element elementor-element-0a59b72 elementor-section-boxed elementor-section-height-default elementor-section-height-default\" data-id=\"0a59b72\" data-element_type=\"section\" data-e-type=\"section\">\n\t\t\t\t\t\t<div class=\"elementor-container elementor-column-gap-default\">\n\t\t\t\t\t<div class=\"elementor-column elementor-col-100 elementor-top-column elementor-element elementor-element-f1c8a35\" data-id=\"f1c8a35\" data-element_type=\"column\" data-e-type=\"column\">\n\t\t\t<div class=\"elementor-widget-wrap elementor-element-populated\">\n\t\t\t\t\t\t<div class=\"elementor-element elementor-element-c8bdce6 elementor-widget elementor-widget-html\" data-id=\"c8bdce6\" data-element_type=\"widget\" data-e-type=\"widget\" data-widget_type=\"html.default\">\n\t\t\t\t<div class=\"elementor-widget-container\">\n\t\t\t\t\t<script type=\"application\/ld+json\">{\n  \"@context\": \"https:\/\/schema.org\",\n  \"@type\": \"FAQPage\",\n  \"mainEntity\": [\n    {\n      \"@type\": \"Question\",\n      \"name\": \"\u00bfQu\u00e9 tipos de rollitos tailandeses ofrecen?\",\n      \"acceptedAnswer\": {\n        \"@type\": \"Answer\",\n        \"text\": \"Ofrecemos una variedad de rollitos tailandeses, incluyendo opciones con pollo, ternera, y vegetales.\"\n      }\n    },\n    {\n      \"@type\": \"Question\",\n      \"name\": \"\u00bfTienen opciones vegetarianas?\",\n      \"acceptedAnswer\": {\n        \"@type\": \"Answer\",\n        \"text\": \"S\u00ed, contamos con rollitos vegetarianos que incluyen una mezcla de vegetales frescos y salsas arom\u00e1ticas.\"\n      }\n    },\n    {\n      \"@type\": \"Question\",\n      \"name\": \"\u00bfOfrecen servicio de entrega a domicilio?\",\n      \"acceptedAnswer\": {\n        \"@type\": \"Answer\",\n        \"text\": \"S\u00ed, ofrecemos servicio de entrega a domicilio para que disfrutes de nuestros rollitos desde la comodidad de tu hogar.\"\n      }\n    }\n  ]\n}\n<\/script>\t\t\t\t<\/div>\n\t\t\t\t<\/div>\n\t\t\t\t\t<\/div>\n\t\t<\/div>\n\t\t\t\t\t<\/div>\n\t\t<\/section>\n\t\t\t\t<section class=\"elementor-section elementor-top-section elementor-element elementor-element-9a40bb0 elementor-section-boxed elementor-section-height-default elementor-section-height-default\" data-id=\"9a40bb0\" data-element_type=\"section\" data-e-type=\"section\">\n\t\t\t\t\t\t<div class=\"elementor-container elementor-column-gap-default\">\n\t\t\t\t\t<div class=\"elementor-column elementor-col-100 elementor-top-column elementor-element elementor-element-214d7eb\" data-id=\"214d7eb\" data-element_type=\"column\" data-e-type=\"column\">\n\t\t\t<div class=\"elementor-widget-wrap elementor-element-populated\">\n\t\t\t\t\t\t<div class=\"elementor-element elementor-element-93d3385 elementor-widget elementor-widget-html\" data-id=\"93d3385\" data-element_type=\"widget\" data-e-type=\"widget\" data-widget_type=\"html.default\">\n\t\t\t\t<div class=\"elementor-widget-container\">\n\t\t\t\t\t<script type=\"application\/ld+json\">{\n  \"@context\": \"https:\/\/schema.org\",\n  \"@type\": \"Product\",\n  \"name\": \"Rollito Tailand\u00e9s Especial\",\n  \"description\": \"Un delicioso rollito tailand\u00e9s relleno de carne a elecci\u00f3n, acompa\u00f1ado de vegetales frescos y una salsa especial. Ideal para una comida r\u00e1pida y sabrosa.\",\n  \"image\": \"https:\/\/hitsnoodles.com\/wp-content\/uploads\/2019\/11\/thai-wrap.jpg\",\n  \"brand\": \"Hits Noodles\",\n  \"offers\": {\n    \"@type\": \"AggregateOffer\",\n    \"priceCurrency\": \"EUR\",\n    \"lowPrice\": \"8.10\",\n    \"highPrice\": \"12.90\",\n    \"availability\": \"http:\/\/schema.org\/InStock\",\n    \"seller\": {\n      \"@type\": \"Organization\",\n      \"name\": \"Hits Noodles\"\n    }\n  }\n}\n<\/script>\t\t\t\t<\/div>\n\t\t\t\t<\/div>\n\t\t\t\t\t<\/div>\n\t\t<\/div>\n\t\t\t\t\t<\/div>\n\t\t<\/section>\n\t\t\t\t<\/div>\n\t\t","protected":false},"excerpt":{"rendered":"<p>The Best Thai Rolls Delivery Thai Rolls Flour tortilla rolled with chicken, beef or shrimp, assorted seasonal vegetables marinated in our special sauce. Low Spice Medium Spicy Mucho Picante In addition, you can add any of our tasty extras! Accompany it with: Poke Bowl Soups Skewers Delicious starters<\/p>\n","protected":false},"author":1,"featured_media":15118,"parent":0,"menu_order":0,"comment_status":"closed","ping_status":"closed","template":"","meta":{"footnotes":""},"class_list":["post-17910","page","type-page","status-publish","has-post-thumbnail"],"_links":{"self":[{"href":"https:\/\/hitsnoodles.com\/en\/wp-json\/wp\/v2\/pages\/17910","targetHints":{"allow":["GET"]}}],"collection":[{"href":"https:\/\/hitsnoodles.com\/en\/wp-json\/wp\/v2\/pages"}],"about":[{"href":"https:\/\/hitsnoodles.com\/en\/wp-json\/wp\/v2\/types\/page"}],"author":[{"embeddable":true,"href":"https:\/\/hitsnoodles.com\/en\/wp-json\/wp\/v2\/users\/1"}],"replies":[{"embeddable":true,"href":"https:\/\/hitsnoodles.com\/en\/wp-json\/wp\/v2\/comments?post=17910"}],"version-history":[{"count":0,"href":"https:\/\/hitsnoodles.com\/en\/wp-json\/wp\/v2\/pages\/17910\/revisions"}],"wp:featuredmedia":[{"embeddable":true,"href":"https:\/\/hitsnoodles.com\/en\/wp-json\/wp\/v2\/media\/15118"}],"wp:attachment":[{"href":"https:\/\/hitsnoodles.com\/en\/wp-json\/wp\/v2\/media?parent=17910"}],"curies":[{"name":"wp","href":"https:\/\/api.w.org\/{rel}","templated":true}]}}