{"id":17901,"date":"2019-11-06T12:47:39","date_gmt":"2019-11-06T12:47:39","guid":{"rendered":"https:\/\/hitsnoodles.com\/kissen-kaprow\/"},"modified":"2024-04-11T11:41:17","modified_gmt":"2024-04-11T11:41:17","slug":"kissen-kaprow","status":"publish","type":"page","link":"https:\/\/hitsnoodles.com\/de\/kissen-kaprow\/","title":{"rendered":"Kissen Kaprow"},"content":{"rendered":"\t\t<div data-elementor-type=\"wp-page\" data-elementor-id=\"17901\" class=\"elementor elementor-17901 elementor-1777\" data-elementor-post-type=\"page\">\n\t\t\t\t\t\t<section class=\"elementor-section elementor-top-section elementor-element elementor-element-2f518ff elementor-section-boxed elementor-section-height-default elementor-section-height-default\" data-id=\"2f518ff\" data-element_type=\"section\" data-e-type=\"section\">\n\t\t\t\t\t\t<div class=\"elementor-container elementor-column-gap-default\">\n\t\t\t\t\t<div class=\"elementor-column elementor-col-100 elementor-top-column elementor-element elementor-element-38fd50f\" data-id=\"38fd50f\" data-element_type=\"column\" data-e-type=\"column\">\n\t\t\t<div class=\"elementor-widget-wrap\">\n\t\t\t\t\t\t\t<\/div>\n\t\t<\/div>\n\t\t\t\t\t<\/div>\n\t\t<\/section>\n\t\t\t\t<section class=\"elementor-section elementor-top-section elementor-element elementor-element-30a44e4 elementor-section-boxed elementor-section-height-default elementor-section-height-default\" data-id=\"30a44e4\" data-element_type=\"section\" data-e-type=\"section\">\n\t\t\t\t\t\t<div class=\"elementor-container elementor-column-gap-default\">\n\t\t\t\t\t<div class=\"elementor-column elementor-col-100 elementor-top-column elementor-element elementor-element-36b8624\" data-id=\"36b8624\" data-element_type=\"column\" data-e-type=\"column\">\n\t\t\t<div class=\"elementor-widget-wrap elementor-element-populated\">\n\t\t\t\t\t\t<div class=\"elementor-element elementor-element-56628ca elementor-widget elementor-widget-text-editor\" data-id=\"56628ca\" data-element_type=\"widget\" data-e-type=\"widget\" data-widget_type=\"text-editor.default\">\n\t\t\t\t<div class=\"elementor-widget-container\">\n\t\t\t\t\t\t\t\t\t<h2 style=\"text-align: center;\">Das beste Pad Kaprow  <\/h2>\n\t\t\t\t\t\t\t\t<\/div>\n\t\t\t\t<\/div>\n\t\t\t\t<div class=\"elementor-element elementor-element-b38409a elementor-mobile-align-center elementor-align-center elementor-widget elementor-widget-button\" data-id=\"b38409a\" data-element_type=\"widget\" data-e-type=\"widget\" data-widget_type=\"button.default\">\n\t\t\t\t<div class=\"elementor-widget-container\">\n\t\t\t\t\t\t\t\t\t<div class=\"elementor-button-wrapper\">\n\t\t\t\t\t<a class=\"elementor-button elementor-button-link elementor-size-md elementor-animation-shrink\" href=\"https:\/\/hitsnoodles.com\/delivery\/\">\n\t\t\t\t\t\t<span class=\"elementor-button-content-wrapper\">\n\t\t\t\t\t\t<span class=\"elementor-button-icon\">\n\t\t\t\t<i aria-hidden=\"true\" class=\"fas fa-motorcycle\"><\/i>\t\t\t<\/span>\n\t\t\t\t\t\t\t\t\t<span class=\"elementor-button-text\">Lieferung<\/span>\n\t\t\t\t\t<\/span>\n\t\t\t\t\t<\/a>\n\t\t\t\t<\/div>\n\t\t\t\t\t\t\t\t<\/div>\n\t\t\t\t<\/div>\n\t\t\t\t\t<\/div>\n\t\t<\/div>\n\t\t\t\t\t<\/div>\n\t\t<\/section>\n\t\t\t\t<section class=\"elementor-section elementor-top-section elementor-element elementor-element-fad250e elementor-section-boxed elementor-section-height-default elementor-section-height-default\" data-id=\"fad250e\" data-element_type=\"section\" data-e-type=\"section\">\n\t\t\t\t\t\t<div class=\"elementor-container elementor-column-gap-default\">\n\t\t\t\t\t<div class=\"elementor-column elementor-col-50 elementor-top-column elementor-element elementor-element-bcb5c83\" data-id=\"bcb5c83\" data-element_type=\"column\" data-e-type=\"column\" data-settings=\"{&quot;background_background&quot;:&quot;classic&quot;}\">\n\t\t\t<div class=\"elementor-widget-wrap elementor-element-populated\">\n\t\t\t\t\t\t<div class=\"elementor-element elementor-element-be9009f elementor-widget elementor-widget-image\" data-id=\"be9009f\" data-element_type=\"widget\" data-e-type=\"widget\" data-widget_type=\"image.default\">\n\t\t\t\t<div class=\"elementor-widget-container\">\n\t\t\t\t\t\t\t\t\t\t\t\t\t\t\t<img fetchpriority=\"high\" decoding=\"async\" width=\"400\" height=\"400\" src=\"https:\/\/hitsnoodles.com\/wp-content\/uploads\/2019\/11\/pad-kaprow.jpg\" class=\"attachment-full size-full wp-image-15115\" alt=\"\" srcset=\"https:\/\/hitsnoodles.com\/wp-content\/uploads\/2019\/11\/pad-kaprow.jpg 400w, https:\/\/hitsnoodles.com\/wp-content\/uploads\/2019\/11\/pad-kaprow-150x150.jpg 150w, https:\/\/hitsnoodles.com\/wp-content\/uploads\/2019\/11\/pad-kaprow-300x300.jpg 300w, https:\/\/hitsnoodles.com\/wp-content\/uploads\/2019\/11\/pad-kaprow-100x100.jpg 100w\" sizes=\"(max-width: 400px) 100vw, 400px\" \/>\t\t\t\t\t\t\t\t\t\t\t\t\t\t\t<\/div>\n\t\t\t\t<\/div>\n\t\t\t\t<div class=\"elementor-element elementor-element-88c5cf1 elementor-widget elementor-widget-text-editor\" data-id=\"88c5cf1\" data-element_type=\"widget\" data-e-type=\"widget\" data-widget_type=\"text-editor.default\">\n\t\t\t\t<div class=\"elementor-widget-container\">\n\t\t\t\t\t\t\t\t\t<div class=\"alergenos\"><img decoding=\"async\" class=\"alignnone size-full wp-image-168\" src=\"https:\/\/hitsnoodles.com\/wp-content\/uploads\/2019\/10\/alergenos-huevos.svg\" alt=\"Reis-Schwanz-Ei\"> <img decoding=\"async\" class=\"alignnone size-full wp-image-166\" src=\"https:\/\/hitsnoodles.com\/wp-content\/uploads\/2019\/10\/alergenos-gluten.svg\" alt=\"Reis-Schwanz-Tandes-Gluten\"> <img decoding=\"async\" class=\"alignnone size-full wp-image-163\" src=\"https:\/\/hitsnoodles.com\/wp-content\/uploads\/2019\/10\/alergenos-crustaceos.svg\" alt=\"Reisschw\u00e4nze-Krustentiere\"> <img decoding=\"async\" class=\"alignnone size-full wp-image-161\" src=\"https:\/\/hitsnoodles.com\/wp-content\/uploads\/2019\/10\/alergenos-apio.svg\" alt=\"reis-tailandes-apio\"> <a href=\"https:\/\/www.instagram.com\/hitsnoodlesoficial\/\" target=\"_blank\" rel=\"noopener\"><img decoding=\"async\" class=\"alignnone wp-image-172 size-full\" src=\"https:\/\/hitsnoodles.com\/wp-content\/uploads\/2019\/10\/alergenos-pescado.svg\" alt=\"Reis-Schwanz-Tandes-Fisch\"><\/a> <img decoding=\"async\" class=\"alignnone size-full wp-image-154\" src=\"https:\/\/hitsnoodles.com\/wp-content\/uploads\/2019\/10\/vegano.svg\" alt=\"thail\u00e4ndischer-veganer-Reis\"><\/div>\n\t\t\t\t\t\t\t\t<\/div>\n\t\t\t\t<\/div>\n\t\t\t\t<div class=\"elementor-element elementor-element-c0f302f elementor-widget elementor-widget-text-editor\" data-id=\"c0f302f\" data-element_type=\"widget\" data-e-type=\"widget\" data-widget_type=\"text-editor.default\">\n\t\t\t\t<div class=\"elementor-widget-container\">\n\t\t\t\t\t\t\t\t\t<p><strong>Kissen Kaprow<\/strong><\/p>\n\t\t\t\t\t\t\t\t<\/div>\n\t\t\t\t<\/div>\n\t\t\t\t\t<\/div>\n\t\t<\/div>\n\t\t\t\t<div class=\"elementor-column elementor-col-50 elementor-top-column elementor-element elementor-element-2bfb80b\" data-id=\"2bfb80b\" data-element_type=\"column\" data-e-type=\"column\">\n\t\t\t<div class=\"elementor-widget-wrap elementor-element-populated\">\n\t\t\t\t\t\t<div class=\"elementor-element elementor-element-67e16cf elementor-widget elementor-widget-text-editor\" data-id=\"67e16cf\" data-element_type=\"widget\" data-e-type=\"widget\" data-widget_type=\"text-editor.default\">\n\t\t\t\t<div class=\"elementor-widget-container\">\n\t\t\t\t\t\t\t\t\t<p>Gebratenes Huhn, Rindfleisch oder Garnelen mit Thai-, Chili- oder Basilikumsauce, serviert mit Jasminreis.<\/p>\n\t\t\t\t\t\t\t\t<\/div>\n\t\t\t\t<\/div>\n\t\t\t\t<section class=\"elementor-section elementor-inner-section elementor-element elementor-element-98ffb2e elementor-section-boxed elementor-section-height-default elementor-section-height-default\" data-id=\"98ffb2e\" data-element_type=\"section\" data-e-type=\"section\">\n\t\t\t\t\t\t<div class=\"elementor-container elementor-column-gap-default\">\n\t\t\t\t\t<div class=\"elementor-column elementor-col-33 elementor-inner-column elementor-element elementor-element-1b27108\" data-id=\"1b27108\" data-element_type=\"column\" data-e-type=\"column\">\n\t\t\t<div class=\"elementor-widget-wrap elementor-element-populated\">\n\t\t\t\t\t\t<div class=\"elementor-element elementor-element-fd69eaf elementor-widget elementor-widget-image\" data-id=\"fd69eaf\" data-element_type=\"widget\" data-e-type=\"widget\" data-widget_type=\"image.default\">\n\t\t\t\t<div class=\"elementor-widget-container\">\n\t\t\t\t\t\t\t\t\t\t\t\t\t\t\t<img decoding=\"async\" width=\"1\" height=\"1\" src=\"https:\/\/hitsnoodles.com\/wp-content\/uploads\/2019\/10\/poco-picante.svg\" class=\"attachment-large size-large wp-image-14955\" alt=\"\" \/>\t\t\t\t\t\t\t\t\t\t\t\t\t\t\t<\/div>\n\t\t\t\t<\/div>\n\t\t\t\t<div class=\"elementor-element elementor-element-7a88293 elementor-widget elementor-widget-text-editor\" data-id=\"7a88293\" data-element_type=\"widget\" data-e-type=\"widget\" data-widget_type=\"text-editor.default\">\n\t\t\t\t<div class=\"elementor-widget-container\">\n\t\t\t\t\t\t\t\t\t<p style=\"text-align: center;\">Geringe Sch\u00e4rfe<\/p>\n\t\t\t\t\t\t\t\t<\/div>\n\t\t\t\t<\/div>\n\t\t\t\t\t<\/div>\n\t\t<\/div>\n\t\t\t\t<div class=\"elementor-column elementor-col-33 elementor-inner-column elementor-element elementor-element-c6f4e68\" data-id=\"c6f4e68\" data-element_type=\"column\" data-e-type=\"column\">\n\t\t\t<div class=\"elementor-widget-wrap elementor-element-populated\">\n\t\t\t\t\t\t<div class=\"elementor-element elementor-element-fd3a668 elementor-widget elementor-widget-image\" data-id=\"fd3a668\" data-element_type=\"widget\" data-e-type=\"widget\" data-widget_type=\"image.default\">\n\t\t\t\t<div class=\"elementor-widget-container\">\n\t\t\t\t\t\t\t\t\t\t\t\t\t\t\t<img decoding=\"async\" width=\"1\" height=\"1\" src=\"https:\/\/hitsnoodles.com\/wp-content\/uploads\/2019\/10\/medio-picante.svg\" class=\"attachment-large size-large wp-image-14947\" alt=\"\" \/>\t\t\t\t\t\t\t\t\t\t\t\t\t\t\t<\/div>\n\t\t\t\t<\/div>\n\t\t\t\t<div class=\"elementor-element elementor-element-646336b elementor-widget elementor-widget-text-editor\" data-id=\"646336b\" data-element_type=\"widget\" data-e-type=\"widget\" data-widget_type=\"text-editor.default\">\n\t\t\t\t<div class=\"elementor-widget-container\">\n\t\t\t\t\t\t\t\t\t<p style=\"text-align: center;\">Mittelscharf<\/p>\n\t\t\t\t\t\t\t\t<\/div>\n\t\t\t\t<\/div>\n\t\t\t\t\t<\/div>\n\t\t<\/div>\n\t\t\t\t<div class=\"elementor-column elementor-col-33 elementor-inner-column elementor-element elementor-element-961b441\" data-id=\"961b441\" data-element_type=\"column\" data-e-type=\"column\">\n\t\t\t<div class=\"elementor-widget-wrap elementor-element-populated\">\n\t\t\t\t\t\t<div class=\"elementor-element elementor-element-9cbf3ed elementor-widget elementor-widget-image\" data-id=\"9cbf3ed\" data-element_type=\"widget\" data-e-type=\"widget\" data-widget_type=\"image.default\">\n\t\t\t\t<div class=\"elementor-widget-container\">\n\t\t\t\t\t\t\t\t\t\t\t\t\t\t\t<img loading=\"lazy\" decoding=\"async\" width=\"1\" height=\"1\" src=\"https:\/\/hitsnoodles.com\/wp-content\/uploads\/2019\/10\/muy-picante.svg\" class=\"attachment-large size-large wp-image-14951\" alt=\"\" \/>\t\t\t\t\t\t\t\t\t\t\t\t\t\t\t<\/div>\n\t\t\t\t<\/div>\n\t\t\t\t<div class=\"elementor-element elementor-element-06a3181 elementor-widget elementor-widget-text-editor\" data-id=\"06a3181\" data-element_type=\"widget\" data-e-type=\"widget\" data-widget_type=\"text-editor.default\">\n\t\t\t\t<div class=\"elementor-widget-container\">\n\t\t\t\t\t\t\t\t\t<p style=\"text-align: center;\">Mucho Picante<\/p>\n\t\t\t\t\t\t\t\t<\/div>\n\t\t\t\t<\/div>\n\t\t\t\t\t<\/div>\n\t\t<\/div>\n\t\t\t\t\t<\/div>\n\t\t<\/section>\n\t\t\t\t<div class=\"elementor-element elementor-element-d8c1e88 elementor-headline--style-highlight elementor-widget elementor-widget-animated-headline\" data-id=\"d8c1e88\" data-element_type=\"widget\" data-e-type=\"widget\" data-settings=\"{&quot;marker&quot;:&quot;underline&quot;,&quot;highlighted_text&quot;:&quot;lecker&quot;,&quot;headline_style&quot;:&quot;highlight&quot;,&quot;loop&quot;:&quot;yes&quot;,&quot;highlight_animation_duration&quot;:1200,&quot;highlight_iteration_delay&quot;:8000}\" data-widget_type=\"animated-headline.default\">\n\t\t\t\t<div class=\"elementor-widget-container\">\n\t\t\t\t\t\t\t<p class=\"elementor-headline\">\n\t\t\t\t\t<span class=\"elementor-headline-plain-text elementor-headline-text-wrapper\">Dar\u00fcber hinaus k\u00f6nnen Sie jedes unserer<\/span>\n\t\t\t\t<span class=\"elementor-headline-dynamic-wrapper elementor-headline-text-wrapper\">\n\t\t\t\t\t<span class=\"elementor-headline-dynamic-text elementor-headline-text-active\">lecker<\/span>\n\t\t\t\t<\/span>\n\t\t\t\t\t<span class=\"elementor-headline-plain-text elementor-headline-text-wrapper\">Extras!<\/span>\n\t\t\t\t\t<\/p>\n\t\t\t\t\t\t<\/div>\n\t\t\t\t<\/div>\n\t\t\t\t\t<\/div>\n\t\t<\/div>\n\t\t\t\t\t<\/div>\n\t\t<\/section>\n\t\t\t\t<section class=\"elementor-section elementor-top-section elementor-element elementor-element-00e94dd elementor-section-boxed elementor-section-height-default elementor-section-height-default\" data-id=\"00e94dd\" data-element_type=\"section\" data-e-type=\"section\">\n\t\t\t\t\t\t<div class=\"elementor-container elementor-column-gap-default\">\n\t\t\t\t\t<div class=\"elementor-column elementor-col-100 elementor-top-column elementor-element elementor-element-c7bf25e\" data-id=\"c7bf25e\" data-element_type=\"column\" data-e-type=\"column\">\n\t\t\t<div class=\"elementor-widget-wrap elementor-element-populated\">\n\t\t\t\t\t\t<div class=\"elementor-element elementor-element-3d765ff elementor-widget elementor-widget-text-editor\" data-id=\"3d765ff\" data-element_type=\"widget\" data-e-type=\"widget\" data-widget_type=\"text-editor.default\">\n\t\t\t\t<div class=\"elementor-widget-container\">\n\t\t\t\t\t\t\t\t\t<h2>Begleiten Sie es mit:<\/h2>\n\t\t\t\t\t\t\t\t<\/div>\n\t\t\t\t<\/div>\n\t\t\t\t\t<\/div>\n\t\t<\/div>\n\t\t\t\t\t<\/div>\n\t\t<\/section>\n\t\t\t\t<section class=\"elementor-section elementor-top-section elementor-element elementor-element-322389d elementor-section-full_width carta elementor-section-stretched elementor-section-height-default elementor-section-height-default\" data-id=\"322389d\" data-element_type=\"section\" data-e-type=\"section\" data-settings=\"{&quot;stretch_section&quot;:&quot;section-stretched&quot;}\">\n\t\t\t\t\t\t<div class=\"elementor-container elementor-column-gap-no\">\n\t\t\t\t\t<div class=\"elementor-column elementor-col-25 elementor-top-column elementor-element elementor-element-305a29c\" data-id=\"305a29c\" data-element_type=\"column\" data-e-type=\"column\" data-settings=\"{&quot;background_background&quot;:&quot;classic&quot;}\">\n\t\t\t<div class=\"elementor-widget-wrap elementor-element-populated\">\n\t\t\t\t\t<div class=\"elementor-background-overlay\"><\/div>\n\t\t\t\t\t\t<div class=\"elementor-element elementor-element-885d9f1 elementor-widget elementor-widget-text-editor\" data-id=\"885d9f1\" data-element_type=\"widget\" data-e-type=\"widget\" data-widget_type=\"text-editor.default\">\n\t\t\t\t<div class=\"elementor-widget-container\">\n\t\t\t\t\t\t\t\t\t<h2>St\u00f6bern<\/h2>\n\t\t\t\t\t\t\t\t<\/div>\n\t\t\t\t<\/div>\n\t\t\t\t\t<\/div>\n\t\t<\/div>\n\t\t\t\t<div class=\"elementor-column elementor-col-25 elementor-top-column elementor-element elementor-element-f398987\" data-id=\"f398987\" data-element_type=\"column\" data-e-type=\"column\" data-settings=\"{&quot;background_background&quot;:&quot;classic&quot;}\">\n\t\t\t<div class=\"elementor-widget-wrap elementor-element-populated\">\n\t\t\t\t\t<div class=\"elementor-background-overlay\"><\/div>\n\t\t\t\t\t\t<div class=\"elementor-element elementor-element-927de44 elementor-widget elementor-widget-text-editor\" data-id=\"927de44\" data-element_type=\"widget\" data-e-type=\"widget\" data-widget_type=\"text-editor.default\">\n\t\t\t\t<div class=\"elementor-widget-container\">\n\t\t\t\t\t\t\t\t\t<h2>Pad Thai<\/h2>\n\t\t\t\t\t\t\t\t<\/div>\n\t\t\t\t<\/div>\n\t\t\t\t\t<\/div>\n\t\t<\/div>\n\t\t\t\t<div class=\"elementor-column elementor-col-25 elementor-top-column elementor-element elementor-element-8cce399\" data-id=\"8cce399\" data-element_type=\"column\" data-e-type=\"column\" data-settings=\"{&quot;background_background&quot;:&quot;classic&quot;}\">\n\t\t\t<div class=\"elementor-widget-wrap elementor-element-populated\">\n\t\t\t\t\t<div class=\"elementor-background-overlay\"><\/div>\n\t\t\t\t\t\t<div class=\"elementor-element elementor-element-43a6942 elementor-widget elementor-widget-text-editor\" data-id=\"43a6942\" data-element_type=\"widget\" data-e-type=\"widget\" data-widget_type=\"text-editor.default\">\n\t\t\t\t<div class=\"elementor-widget-container\">\n\t\t\t\t\t\t\t\t\t<h2>Reis<\/h2>\n\t\t\t\t\t\t\t\t<\/div>\n\t\t\t\t<\/div>\n\t\t\t\t\t<\/div>\n\t\t<\/div>\n\t\t\t\t<div class=\"elementor-column elementor-col-25 elementor-top-column elementor-element elementor-element-9ce31a4\" data-id=\"9ce31a4\" data-element_type=\"column\" data-e-type=\"column\" data-settings=\"{&quot;background_background&quot;:&quot;classic&quot;}\">\n\t\t\t<div class=\"elementor-widget-wrap elementor-element-populated\">\n\t\t\t\t\t<div class=\"elementor-background-overlay\"><\/div>\n\t\t\t\t\t\t<div class=\"elementor-element elementor-element-d9b56b9 elementor-widget elementor-widget-text-editor\" data-id=\"d9b56b9\" data-element_type=\"widget\" data-e-type=\"widget\" data-widget_type=\"text-editor.default\">\n\t\t\t\t<div class=\"elementor-widget-container\">\n\t\t\t\t\t\t\t\t\t<h2>Suppen<\/h2>\n\t\t\t\t\t\t\t\t<\/div>\n\t\t\t\t<\/div>\n\t\t\t\t\t<\/div>\n\t\t<\/div>\n\t\t\t\t\t<\/div>\n\t\t<\/section>\n\t\t\t\t<section class=\"elementor-section elementor-top-section elementor-element elementor-element-1cc8bca elementor-section-boxed elementor-section-height-default elementor-section-height-default\" data-id=\"1cc8bca\" data-element_type=\"section\" data-e-type=\"section\">\n\t\t\t\t\t\t<div class=\"elementor-container elementor-column-gap-default\">\n\t\t\t\t\t<div class=\"elementor-column elementor-col-100 elementor-top-column elementor-element elementor-element-653599a\" data-id=\"653599a\" data-element_type=\"column\" data-e-type=\"column\">\n\t\t\t<div class=\"elementor-widget-wrap elementor-element-populated\">\n\t\t\t\t\t\t<div class=\"elementor-element elementor-element-6aa3e82 elementor-widget elementor-widget-html\" data-id=\"6aa3e82\" data-element_type=\"widget\" data-e-type=\"widget\" data-widget_type=\"html.default\">\n\t\t\t\t<div class=\"elementor-widget-container\">\n\t\t\t\t\t<script type=\"application\/ld+json\">{\n  \"@context\": \"https:\/\/schema.org\",\n  \"@type\": \"BreadcrumbList\",\n  \"itemListElement\": [{\n      \"@type\": \"ListItem\",\n      \"position\": 1,\n      \"name\": \"Hits Noodles\",\n      \"item\": \"https:\/\/hitsnoodles.com\"\n    },{\n      \"@type\": \"ListItem\",\n      \"position\": 2,\n      \"name\": \"Pad Kaprow\",\n      \"item\": \"https:\/\/hitsnoodles.com\/pad-kaprow\/\"\n    }]\n}\n<\/script>\t\t\t\t<\/div>\n\t\t\t\t<\/div>\n\t\t\t\t<div class=\"elementor-element elementor-element-b0e6290 elementor-widget elementor-widget-html\" data-id=\"b0e6290\" data-element_type=\"widget\" data-e-type=\"widget\" data-widget_type=\"html.default\">\n\t\t\t\t<div class=\"elementor-widget-container\">\n\t\t\t\t\t<script type=\"application\/ld+json\">{\n  \"@context\": \"https:\/\/schema.org\",\n  \"@type\": \"FAQPage\",\n  \"mainEntity\": [\n    {\n      \"@type\": \"Question\",\n      \"name\": \"\u00bfQu\u00e9 ingredientes contiene el Pad Kaprow?\",\n      \"acceptedAnswer\": {\n        \"@type\": \"Answer\",\n        \"text\": \"El Pad Kaprow se puede preparar con pollo, ternera o langostinos, acompa\u00f1ado de salsa thai, chili o albahaca y servido con arroz jazm\u00edn.\"\n      }\n    },\n    {\n      \"@type\": \"Question\",\n      \"name\": \"\u00bfHay opciones para diferentes niveles de picante?\",\n      \"acceptedAnswer\": {\n        \"@type\": \"Answer\",\n        \"text\": \"S\u00ed, el Pad Kaprow se ofrece en niveles de picante que var\u00edan de poco picante a muy picante.\"\n      }\n    },\n    {\n      \"@type\": \"Question\",\n      \"name\": \"\u00bfOfrecen opciones vegetarianas o veganas?\",\n      \"acceptedAnswer\": {\n        \"@type\": \"Answer\",\n        \"text\": \"S\u00ed, hay opciones vegetarianas y veganas disponibles en el men\u00fa, incluyendo platos especialmente preparados sin carne o productos animales.\"\n      }\n    }\n  ]\n}\n<\/script>\t\t\t\t<\/div>\n\t\t\t\t<\/div>\n\t\t\t\t<div class=\"elementor-element elementor-element-a569c45 elementor-widget elementor-widget-html\" data-id=\"a569c45\" data-element_type=\"widget\" data-e-type=\"widget\" data-widget_type=\"html.default\">\n\t\t\t\t<div class=\"elementor-widget-container\">\n\t\t\t\t\t<script type=\"application\/ld+json\">{\n  \"@context\": \"https:\/\/schema.org\",\n  \"@type\": \"Product\",\n  \"name\": \"Pad Kaprow\",\n  \"image\": \"https:\/\/hitsnoodles.com\/wp-content\/uploads\/2019\/11\/pad-kaprow.jpg\",\n  \"description\": \"Salteado de pollo, ternera o langostinos con salsa thai, de chili o de albahaca, acompa\u00f1ado de arroz jazm\u00edn.\",\n  \"brand\": \"Hits Noodles\",\n  \"aggregateRating\": {\n    \"@type\": \"AggregateRating\",\n    \"ratingValue\": \"4.8\",\n    \"reviewCount\": \"12\"\n},\n  \"offers\": {\n    \"@type\": \"AggregateOffer\",\n    \"priceCurrency\": \"EUR\",\n    \"lowPrice\": \"9.10\",\n    \"highPrice\": \"13.90\",\n    \"offerCount\": \"6\",\n    \"availability\": \"http:\/\/schema.org\/InStock\",\n    \"seller\": {\n      \"@type\": \"Organization\",\n      \"name\": \"Hits Noodles\"\n    }\n  }\n}\n<\/script>\t\t\t\t<\/div>\n\t\t\t\t<\/div>\n\t\t\t\t\t<\/div>\n\t\t<\/div>\n\t\t\t\t\t<\/div>\n\t\t<\/section>\n\t\t\t\t<\/div>\n\t\t","protected":false},"excerpt":{"rendered":"<p>Das beste Pad Kaprow Lieferung Kissen Kaprow Gebratenes Huhn, Rindfleisch oder Garnelen mit Thai-, Chili- oder Basilikumsauce, serviert mit Jasminreis. Geringe Sch\u00e4rfe Mittelscharf Mucho Picante Dar\u00fcber hinaus k\u00f6nnen Sie jedes unserer lecker Extras! Begleiten Sie es mit: St\u00f6bern Pad Thai Reis Suppen<\/p>\n","protected":false},"author":1,"featured_media":15115,"parent":0,"menu_order":0,"comment_status":"closed","ping_status":"closed","template":"","meta":{"footnotes":""},"class_list":["post-17901","page","type-page","status-publish","has-post-thumbnail"],"_links":{"self":[{"href":"https:\/\/hitsnoodles.com\/de\/wp-json\/wp\/v2\/pages\/17901","targetHints":{"allow":["GET"]}}],"collection":[{"href":"https:\/\/hitsnoodles.com\/de\/wp-json\/wp\/v2\/pages"}],"about":[{"href":"https:\/\/hitsnoodles.com\/de\/wp-json\/wp\/v2\/types\/page"}],"author":[{"embeddable":true,"href":"https:\/\/hitsnoodles.com\/de\/wp-json\/wp\/v2\/users\/1"}],"replies":[{"embeddable":true,"href":"https:\/\/hitsnoodles.com\/de\/wp-json\/wp\/v2\/comments?post=17901"}],"version-history":[{"count":0,"href":"https:\/\/hitsnoodles.com\/de\/wp-json\/wp\/v2\/pages\/17901\/revisions"}],"wp:featuredmedia":[{"embeddable":true,"href":"https:\/\/hitsnoodles.com\/de\/wp-json\/wp\/v2\/media\/15115"}],"wp:attachment":[{"href":"https:\/\/hitsnoodles.com\/de\/wp-json\/wp\/v2\/media?parent=17901"}],"curies":[{"name":"wp","href":"https:\/\/api.w.org\/{rel}","templated":true}]}}